{"id":10695,"date":"2018-12-09T13:21:38","date_gmt":"2018-12-09T13:21:38","guid":{"rendered":"https:\/\/doppelwetten.com\/german-betting-tax\/"},"modified":"2019-04-08T09:43:53","modified_gmt":"2019-04-08T09:43:53","slug":"deutsche-wettsteuer","status":"publish","type":"page","link":"https:\/\/doppelwetten.com\/de\/deutsche-wettsteuer\/","title":{"rendered":"Die deutsche Wettsteuer"},"content":{"rendered":"<div class=\"shortcode-wrapper shortcode-content-box clearfix\"><div class=\"hb-box-cont light-style\" style=\"background-color: #4c89bf\"><div class=\"hb-box-cont-body\">Nichts in dieser Welt ist sicher, au\u00dfer dem Tod und den Steuern\u2026 womit die deutsche Wettsteuer gemeint ist.<\/p>\n<p>In diesem Beitrag werde ich etwas Licht auf das Matched Betting-Thema werfen, das mir am wenigsten gef\u00e4llt\u2026<\/p>\n<p>\u2026Steuern.<\/p>\n<p>Hast Du Dich schon einmal gefragt, ob ein bestimmter Buchmacher die Wettsteuer berechnet oder nicht?<\/p>\n<p>Bist Du Dir nicht sicher, wie die Steuer berechnet wird und wie Du sie ber\u00fccksichtigen solltest, wenn Du den <a href=\"https:\/\/doppelwetten.com\/de\/oddsmatcher\/\">Oddsmatcher<\/a> oder die <a href=\"https:\/\/doppelwetten.com\/de\/matched-betting-calculator\/\">Rechner<\/a> benutzt?<\/p>\n<p><strong>Dieser Leitfaden hilft Dir bei allem, was mit der Wettsteuer zu tun hat.<\/strong><\/p>\n<\/div><\/div><\/div>\n<p>Das<a href=\"https:\/\/de.wikipedia.org\/wiki\/Rennwett-_und_Lotteriegesetz\"> Rennwett- und Lotteriegesetz<\/a> ist ein deutsches Steuergesetz (Wettsteuer). Es trat im Juli 2012 in Kraft. Seit der Einf\u00fchrung unterliegen alle Sportwetten (offline und online) einer 5%igen Besteuerung des Einsatzes, sowie des Gewinns.<\/p>\n<p>Die Buchmacher behandeln jedoch die Wettsteuer sehr unterschiedlich.<\/p>\n<p>Dies erschwert es, konkrete Ratschl\u00e4ge zu geben, wie man als Matched Wettender mit den 5% umgehen soll. Auf jeden Fall sollte man, bevor man eine Matched Wette platziert, \u00fcberpr\u00fcfen, ob und wie die Steuer den Einsatz oder Gewinn beeinflusst. Je nachdem korrigiert man dann die Eins\u00e4tze.<\/p>\n<h1><strong>Macht die Wettsteuer Matched Betting in Deutschland unrentabel?<\/strong><\/h1>\n<p><strong>Nein, \u00fcberhaupt nicht.<\/strong> <strong>ABER:<\/strong>\u00a0<strong>Es ist wichtig, die Steuer richtig zu ber\u00fccksichtigen, um sicherzustellen, dass die Berechnungen ganz korrekt sind.<\/strong><\/p>\n<p>Nat\u00fcrlich w\u00e4re Dein Profit h\u00f6her, wenn es keine Steuer geben w\u00fcrde, aber es kann trotzdem noch reichlich Geld verdient werden.<\/p>\n<p>Hier sind nur einige der M\u00f6glichkeiten, wie mit der Wettsteuer umgegangen wird:<\/p>\n<i class=\"icon-circle hb-icon-float-left hb-icon-small hb-icon\" style=\"color:#0099ff\"><\/i> Steuer wird vom Einsatz abgezogen<br \/>\n<i class=\"icon-circle hb-icon-float-left hb-icon-small hb-icon\" style=\"color:#0099ff\"><\/i> Steuer wird vom Gewinn abgezogen<br \/>\n<i class=\"icon-circle hb-icon-float-left hb-icon-small hb-icon\" style=\"color:#0099ff\"><\/i> Steuer wird nur abgezogen, wenn die Wette gewinnt<br \/>\n<i class=\"icon-circle hb-icon-float-left hb-icon-small hb-icon\" style=\"color:#0099ff\"><\/i> Der Buchmacher zahlt Deine Steuer<br \/>\n<i class=\"icon-circle hb-icon-float-left hb-icon-small hb-icon\" style=\"color:#0099ff\"><\/i> Du musst die Steuer selber zahlen<br \/>\n<i class=\"icon-circle hb-icon-float-left hb-icon-small hb-icon\" style=\"color:#0099ff\"><\/i> Auf Kombiwetten werden keine Steuern berechnet<br \/>\n<i class=\"icon-circle hb-icon-float-left hb-icon-small hb-icon\" style=\"color:#0099ff\"><\/i> Keine Steuern auf Live-Wetten<br \/>\n<i class=\"icon-circle hb-icon-float-left hb-icon-small hb-icon\" style=\"color:#0099ff\"><\/i> Freitags wird keine Steuer abgezogen<\/p>\n<p>Die Liste ist endlos.<\/p>\n<p>Hier sind einige echte Beispiele von einigen Buchmachern:<\/p>\n<h4>Betstars: Nimmt eine Geb\u00fchr<\/h4>\n<p><img loading=\"lazy\" class=\"size-full wp-image-6374 alignnone\" src=\"https:\/\/doppelwetten.com\/wp-content\/uploads\/2017\/12\/Capture-1.png\" alt=\"geld verdienen online\" width=\"249\" height=\"406\" srcset=\"https:\/\/doppelwetten.com\/wp-content\/uploads\/2017\/12\/Capture-1.png 249w, https:\/\/doppelwetten.com\/wp-content\/uploads\/2017\/12\/Capture-1-184x300.png 184w\" sizes=\"(max-width: 249px) 100vw, 249px\" \/><\/p>\n<h4>Tipico: Gibt die Steuer nicht an den Kunden weiter<\/h4>\n<p><img loading=\"lazy\" class=\"size-full wp-image-6375 alignnone\" src=\"https:\/\/doppelwetten.com\/wp-content\/uploads\/2017\/12\/Capture-2.png\" alt=\"geld verdienen online\" width=\"370\" height=\"395\" srcset=\"https:\/\/doppelwetten.com\/wp-content\/uploads\/2017\/12\/Capture-2.png 370w, https:\/\/doppelwetten.com\/wp-content\/uploads\/2017\/12\/Capture-2-281x300.png 281w\" sizes=\"(max-width: 370px) 100vw, 370px\" \/><\/p>\n<h4>888Sports: Versteuert nur die Gewinne<\/h4>\n<p><img loading=\"lazy\" class=\"size-full wp-image-6376 alignnone\" src=\"https:\/\/doppelwetten.com\/wp-content\/uploads\/2017\/12\/Capture-3.png\" alt=\"geld verdienen online\" width=\"291\" height=\"444\" srcset=\"https:\/\/doppelwetten.com\/wp-content\/uploads\/2017\/12\/Capture-3.png 291w, https:\/\/doppelwetten.com\/wp-content\/uploads\/2017\/12\/Capture-3-197x300.png 197w\" sizes=\"(max-width: 291px) 100vw, 291px\" \/><\/p>\n<h4>William Hill: Berechnet die 5% Steuer<\/h4>\n<p><img loading=\"lazy\" class=\"size-full wp-image-6377 alignnone\" src=\"https:\/\/doppelwetten.com\/wp-content\/uploads\/2017\/12\/Capture-4.png\" alt=\"geld verdienen online\" width=\"307\" height=\"356\" srcset=\"https:\/\/doppelwetten.com\/wp-content\/uploads\/2017\/12\/Capture-4.png 307w, https:\/\/doppelwetten.com\/wp-content\/uploads\/2017\/12\/Capture-4-259x300.png 259w\" sizes=\"(max-width: 307px) 100vw, 307px\" \/><\/p>\n<p><strong>Etwas durcheinander?<\/strong><\/p>\n<p>In diesem Leitfaden informieren wir Dich dar\u00fcber, wie die Steuer von verschiedenen Buchmachern behandelt wird.<\/p>\n<p><strong>Die schlechten Nachrichten:<\/strong> es gibt nicht viel, was Du an der Steuer machen kannst.<\/p>\n<p>Wenn der Buchmacher die 5% abzieht, und wenn Du Dich durch die kompletten Umsatzanforderungen durchspielen musst, kannst Du jedoch Deine Verluste m\u00f6glichst gering halten, indem Du sehr nah beieinander liegende Quoten findest, und\/oder Underlaying benutzt.<\/p>\n<p><strong>Die guten Nachrichten:<\/strong> es gibt wahrscheinlich in Deutschland mehr Buchmacher, als Du denkst, die die Wettsteuer nicht abziehen (oder die sie unter bestimmten Umst\u00e4nden nicht abziehen).<\/p>\n<p>Sie zahlen entweder die Steuer selbst, oder sie teilen Dir explizit mit, dass es in Deiner Verantwortung liegt, die Steuer selbst zu deklarieren.<\/p>\n<p>Bevor wir herausfinden, wer diese zuvorkommenden Buchmacher sind, werfen wir einen Blick darauf, wie genau all die anderen die 5% abziehen.<\/p>\n<h2><strong>Wie wird die Steuer abgezogen?<\/strong><\/h2>\n<p>Im Grunde gibt es nur zwei \u00fcbliche Varianten (und eine etwas un\u00fcblichere): entweder wird die Steuer von dem Betrag abgezogen, den Du gewinnst, d. h. dem Bruttogewinn (einschlie\u00dflich des Einsatzes), oder die 5% werden von Deinem Einsatz abgezogen, wenn Du die Wette platzierst.<\/p>\n<p>In Bezug auf die Berechnungen gibt es absolut keinen Unterschied zwischen diesen Varianten, wie Du unten sehen wirst:<\/p>\n<p><img loading=\"lazy\" class=\"alignnone size-full wp-image-12963\" src=\"https:\/\/doppelwetten.com\/wp-content\/uploads\/2019\/02\/deutsche-wettsteuter-2.png\" alt=\"\" width=\"1124\" height=\"317\" \/><\/p>\n<p><strong>Hier ist eine Liste von Buchmachern, die die Steuer vom Einsatz abziehen:<\/strong><\/p>\n<i class=\"icon-circle hb-icon-float-left hb-icon-small hb-icon\" style=\"color:#0099ff\"><\/i> Bet-at-Home<br \/>\n<i class=\"icon-circle hb-icon-float-left hb-icon-small hb-icon\" style=\"color:#0099ff\"><\/i> Betive<br \/>\n<i class=\"icon-circle hb-icon-float-left hb-icon-small hb-icon\" style=\"color:#0099ff\"><\/i> Betsafe<br \/>\n<i class=\"icon-circle hb-icon-float-left hb-icon-small hb-icon\" style=\"color:#0099ff\"><\/i> Betsson<br \/>\n<i class=\"icon-circle hb-icon-float-left hb-icon-small hb-icon\" style=\"color:#0099ff\"><\/i> Runbet<br \/>\n<i class=\"icon-circle hb-icon-float-left hb-icon-small hb-icon\" style=\"color:#0099ff\"><\/i> Xtip<\/p>\n<p><strong>Eine etwas ungew\u00f6hnlicheren Variante, die Wettsteuer zu berechnen:<\/strong><\/p>\n<p>Manche Buchmacher (z. B. Wettstar) berechnen die Steuer zus\u00e4tzlich zu Deinem Einsatz.<\/p>\n<p>Wenn Du also eine Wette von \u20ac100 platzierst, ziehen sie \u20ac105 von Deinem Wettkonto ab.<\/p>\n<p>Auf den ersten Blick scheint dies \u00e4rgerlich zu sein, da Du hier die Steuer zahlst, auch wenn Deine Wette verliert.<br \/>\n<strong>Aber<\/strong>, zumindest im Falle von Wettstar, wird keine weitere Steuer abgezogen, falls Deine Wette gewinnt.<br \/>\n<strong>Macht dies einen Unterschied bei den Berechnungen und Deinem Gesamtgewinn?<\/strong><\/p>\n<p>Eigentlich macht es kaum einen Unterschied in Bezug auf Deinen Gesamtgewinn, Du musst jedoch Anpassungen dabei vornehmen, was Du in den Rechner eintr\u00e4gst.<\/p>\n<p>Der <a href=\"https:\/\/doppelwetten.com\/de\/matched-betting-calculator\/\">Matched Betting Rechner<\/a> kann diese Art von Steuerberechnung nicht ber\u00fccksichtigen, Du kannst dies jedoch sehr einfach manuell tun. Du musst nur die Quote ab\u00e4ndern, bevor Du sie in den Rechner eingibst, indem Du sie durch 1,05 teilst. Eine Quote von 5 w\u00e4re so zum Beispiel 4,76.<\/p>\n<p>Dann \u00e4ndere noch deinen Einsatz auf \u20ac105 ab und setze die Back-Provision auf 0%.<\/p>\n<p><strong>Und vergiss nicht:<\/strong><\/p>\n<p>F\u00fcr all die anderen Buchmacher, die die Steuer berechnen, indem sie sie entweder von Deinem Einsatz abziehen oder Deinen Bruttogewinn versteuern, kannst Du einfach die 5% in den <a href=\"https:\/\/doppelwetten.com\/de\/oddsmatcher\/\">Oddsmatcher Rechner<\/a> eintragen.<\/p>\n<p>Wenn Du den Matched Betting Rechner benutzen musst, entweder weil der Buchmacher nicht im Oddsmatcher enthalten ist oder wenn Du eine Live-Wette platzierst, kannst Du genau wie im Oddsmatcher beruhigt die 5% eingeben, und er wird die Berechnungen korrekt ausf\u00fchren (im Gegensatz zu woanders erh\u00e4ltlichen Standard-Matched Betting Rechnern, bei denen lediglich 5% von dem potentiellen Nettogewinn abgezogen werden). Und dies trifft nat\u00fcrlich auch auf alle unsere anderen Rechner zu.<\/p>\n<p><strong>Oddsmatcher:<\/strong><\/p>\n<p><strong><img loading=\"lazy\" class=\"size-full wp-image-13907 alignnone\" src=\"https:\/\/doppelwetten.com\/wp-content\/uploads\/2019\/03\/59.png\" alt=\"Betting tax\" width=\"475\" height=\"143\" srcset=\"https:\/\/doppelwetten.com\/wp-content\/uploads\/2019\/03\/59.png 475w, https:\/\/doppelwetten.com\/wp-content\/uploads\/2019\/03\/59-300x90.png 300w\" sizes=\"(max-width: 475px) 100vw, 475px\" \/><\/strong><\/p>\n<p><strong>Matched Betting Rechner:<\/strong><\/p>\n<p><img loading=\"lazy\" class=\"wp-image-13909 alignnone\" src=\"https:\/\/doppelwetten.com\/wp-content\/uploads\/2019\/03\/60.png\" alt=\"Wette steuer\" width=\"893\" height=\"268\" srcset=\"https:\/\/doppelwetten.com\/wp-content\/uploads\/2019\/03\/60.png 1193w, https:\/\/doppelwetten.com\/wp-content\/uploads\/2019\/03\/60-300x90.png 300w, https:\/\/doppelwetten.com\/wp-content\/uploads\/2019\/03\/60-768x230.png 768w, https:\/\/doppelwetten.com\/wp-content\/uploads\/2019\/03\/60-1024x307.png 1024w\" sizes=\"(max-width: 893px) 100vw, 893px\" \/><\/p>\n<p>Nach all diesen langweiligen Details ist hier endlich die Liste von steuerfreien Buchmachern, die wir bisher identifiziert haben.<\/p>\n<h2><strong>Deutsche Buchmacher mit 0% Wettsteuer<\/strong><\/h2>\n<i class=\"icon-circle hb-icon-float-left hb-icon-small hb-icon\" style=\"color:#0099ff\"><\/i> 12Bet<\/p>\n<i class=\"icon-circle hb-icon-float-left hb-icon-small hb-icon\" style=\"color:#0099ff\"><\/i> 138<\/p>\n<i class=\"icon-circle hb-icon-float-left hb-icon-small hb-icon\" style=\"color:#0099ff\"><\/i> 18Bet<\/p>\n<i class=\"icon-circle hb-icon-float-left hb-icon-small hb-icon\" style=\"color:#0099ff\"><\/i> 1xBet<\/p>\n<i class=\"icon-circle hb-icon-float-left hb-icon-small hb-icon\" style=\"color:#0099ff\"><\/i> 22bet<\/p>\n<i class=\"icon-circle hb-icon-float-left hb-icon-small hb-icon\" style=\"color:#0099ff\"><\/i> Bet 52<\/p>\n<i class=\"icon-circle hb-icon-float-left hb-icon-small hb-icon\" style=\"color:#0099ff\"><\/i> Betcity<\/p>\n<i class=\"icon-circle hb-icon-float-left hb-icon-small hb-icon\" style=\"color:#0099ff\"><\/i> Betfair Sportsbook<\/p>\n<i class=\"icon-circle hb-icon-float-left hb-icon-small hb-icon\" style=\"color:#0099ff\"><\/i> Betrally<\/p>\n<i class=\"icon-circle hb-icon-float-left hb-icon-small hb-icon\" style=\"color:#0099ff\"><\/i> Bigbetworld<\/p>\n<i class=\"icon-circle hb-icon-float-left hb-icon-small hb-icon\" style=\"color:#0099ff\"><\/i> Energybet<\/p>\n<i class=\"icon-circle hb-icon-float-left hb-icon-small hb-icon\" style=\"color:#0099ff\"><\/i> Guts<\/p>\n<i class=\"icon-circle hb-icon-float-left hb-icon-small hb-icon\" style=\"color:#0099ff\"><\/i> Intertops<\/p>\n<i class=\"icon-circle hb-icon-float-left hb-icon-small hb-icon\" style=\"color:#0099ff\"><\/i> LS Bet<\/p>\n<i class=\"icon-circle hb-icon-float-left hb-icon-small hb-icon\" style=\"color:#0099ff\"><\/i> Melbet<\/p>\n<i class=\"icon-circle hb-icon-float-left hb-icon-small hb-icon\" style=\"color:#0099ff\"><\/i> Noxwin<\/p>\n<i class=\"icon-circle hb-icon-float-left hb-icon-small hb-icon\" style=\"color:#0099ff\"><\/i> Pinnacle<\/p>\n<i class=\"icon-circle hb-icon-float-left hb-icon-small hb-icon\" style=\"color:#0099ff\"><\/i> Roy Richie<\/p>\n<i class=\"icon-circle hb-icon-float-left hb-icon-small hb-icon\" style=\"color:#0099ff\"><\/i> Tipico<\/p>\n<i class=\"icon-circle hb-icon-float-left hb-icon-small hb-icon\" style=\"color:#0099ff\"><\/i> Tonybet<\/p>\n<i class=\"icon-circle hb-icon-float-left hb-icon-small hb-icon\" style=\"color:#0099ff\"><\/i> Vbet<\/p>\n<i class=\"icon-circle hb-icon-float-left hb-icon-small hb-icon\" style=\"color:#0099ff\"><\/i> Vulkanbet<\/p>\n<p><strong>Bitte beachte:<\/strong> die obige Liste ist nicht vollst\u00e4ndig.<\/p>\n<p>Kennst Du noch andere steuerfreie Buchmacher? Dann teile uns dies bitte mit.<\/p>\n<h2><strong>Sonderangebot: keine Steuer<\/strong><\/h2>\n<p>Wie bereits weiter oben erw\u00e4hnt, bieten manche Buchmacher an, unter bestimmten Umst\u00e4nden die Steuer f\u00fcr Dich zu zahlen, um Dich dazu verleiten, mehr Wetten bei ihnen zu platzieren. Hierbei geht es f\u00fcr gew\u00f6hnlich um Kombiwetten. Hier ist eine kleine Auswahl, und auch hier, falls Dir gute Angebote \u00e4hnlicher Art bekannt sind, teile uns dies bitte im Forum mit.<\/p>\n<p><strong>Bet 3000:<\/strong> keine Steuer auf Live-Wetten und Kombiwetten mit 4 Auswahlen<\/p>\n<p><strong>Betsson:<\/strong> steuerfreie Kombiwetten, mindestens 2 Auswahlen, Mindestquoten von 1,30 pro Auswahl und 3,00 Gesamtquote<\/p>\n<p><strong>Betstars:<\/strong> Steuerr\u00fcckerstattung auf Kombiwetten, mindestens 3 Auswahlen, Mindestquoten von 1,30 pro Auswahl, bis zum 19. Mai 2019<\/p>\n<p><strong>Expekt:<\/strong> Steuer wird \u00fcbernommen f\u00fcr Kombiwetten mit mindestens 3 Auswahlen und Mindestquoten von 1,40 pro Auswahl<\/p>\n<p><strong>Mr Green:<\/strong> Freitags keine Steuer auf alle Sport-Events. Unbegrenzte Anzahl von Wetten mit unbegrenzten Eins\u00e4tzen. Zu beachten: die Steuer wird immer noch abgezogen, der Gewinn wird aber um 5% erh\u00f6ht, d. h. das Angebot funktioniert wie ein Quotenboost.<\/p>\n<p><strong>Sportingbet:<\/strong> Steuerr\u00fcckerstattung auf Kombiwetten mit 3 oder mehr Auswahlen zu Mindestquoten von 1,40 pro Auswahl<\/p>\n<p>Weitere Informationen bekommst Du in unserer separaten Liste von deutschen Buchmachern, mit Einzelheiten dar\u00fcber, welche von ihnen die Steuer berechnen und was f\u00fcr Promotionen es in Bezug auf die Steuer gibt.<\/p>\n<p>Hier geht\u2019s zum <a href=\"https:\/\/doppelwetten.com\/de\/forum\/\">Forum<\/a>. Die aktuell besten Angebote werden hier gepostet.<\/p>\n","protected":false},"excerpt":{"rendered":"<p>Das Rennwett- und Lotteriegesetz ist ein deutsches Steuergesetz (Wettsteuer). Es trat im Juli 2012 in Kraft. Seit der Einf\u00fchrung unterliegen [&hellip;]<\/p>\n","protected":false},"author":1,"featured_media":0,"parent":0,"menu_order":0,"comment_status":"closed","ping_status":"closed","template":"","meta":{"_mi_skip_tracking":false},"yoast_head":"<!-- This site is optimized with the Yoast SEO plugin v19.13 - https:\/\/yoast.com\/wordpress\/plugins\/seo\/ -->\n<title>Die deutsche Wettsteuer - DoppelWetten<\/title>\n<meta name=\"robots\" content=\"index, follow, max-snippet:-1, max-image-preview:large, max-video-preview:-1\" \/>\n<link rel=\"canonical\" href=\"https:\/\/doppelwetten.com\/de\/deutsche-wettsteuer\/\" \/>\n<meta property=\"og:locale\" content=\"de_DE\" \/>\n<meta property=\"og:type\" content=\"article\" \/>\n<meta property=\"og:title\" content=\"Die deutsche Wettsteuer - DoppelWetten\" \/>\n<meta property=\"og:description\" content=\"Das Rennwett- und Lotteriegesetz ist ein deutsches Steuergesetz (Wettsteuer). Es trat im Juli 2012 in Kraft. Seit der Einf\u00fchrung unterliegen [&hellip;]\" \/>\n<meta property=\"og:url\" content=\"https:\/\/doppelwetten.com\/de\/deutsche-wettsteuer\/\" \/>\n<meta property=\"og:site_name\" content=\"DoppelWetten\" \/>\n<meta property=\"article:modified_time\" content=\"2019-04-08T09:43:53+00:00\" \/>\n<meta property=\"og:image\" content=\"https:\/\/doppelwetten.com\/wp-content\/uploads\/2017\/12\/Capture-1.png\" \/>\n<meta name=\"twitter:card\" content=\"summary_large_image\" \/>\n<meta name=\"twitter:site\" content=\"@doppelwetten\" \/>\n<meta name=\"twitter:label1\" content=\"Gesch\u00e4tzte Lesezeit\" \/>\n\t<meta name=\"twitter:data1\" content=\"8 Minuten\" \/>\n<script type=\"application\/ld+json\" class=\"yoast-schema-graph\">{\"@context\":\"https:\/\/schema.org\",\"@graph\":[{\"@type\":\"WebPage\",\"@id\":\"https:\/\/doppelwetten.com\/de\/deutsche-wettsteuer\/\",\"url\":\"https:\/\/doppelwetten.com\/de\/deutsche-wettsteuer\/\",\"name\":\"Die deutsche Wettsteuer - DoppelWetten\",\"isPartOf\":{\"@id\":\"https:\/\/doppelwetten.com\/#website\"},\"datePublished\":\"2018-12-09T13:21:38+00:00\",\"dateModified\":\"2019-04-08T09:43:53+00:00\",\"breadcrumb\":{\"@id\":\"https:\/\/doppelwetten.com\/de\/deutsche-wettsteuer\/#breadcrumb\"},\"inLanguage\":\"de-DE\",\"potentialAction\":[{\"@type\":\"ReadAction\",\"target\":[\"https:\/\/doppelwetten.com\/de\/deutsche-wettsteuer\/\"]}]},{\"@type\":\"BreadcrumbList\",\"@id\":\"https:\/\/doppelwetten.com\/de\/deutsche-wettsteuer\/#breadcrumb\",\"itemListElement\":[{\"@type\":\"ListItem\",\"position\":1,\"name\":\"Home\",\"item\":\"https:\/\/doppelwetten.com\/de\/\"},{\"@type\":\"ListItem\",\"position\":2,\"name\":\"Die deutsche Wettsteuer\"}]},{\"@type\":\"WebSite\",\"@id\":\"https:\/\/doppelwetten.com\/#website\",\"url\":\"https:\/\/doppelwetten.com\/\",\"name\":\"DoppelWetten\",\"description\":\"risikolosen Wetten (Schritt f\u00fcr Schritt)\",\"publisher\":{\"@id\":\"https:\/\/doppelwetten.com\/#organization\"},\"potentialAction\":[{\"@type\":\"SearchAction\",\"target\":{\"@type\":\"EntryPoint\",\"urlTemplate\":\"https:\/\/doppelwetten.com\/?s={search_term_string}\"},\"query-input\":\"required name=search_term_string\"}],\"inLanguage\":\"de-DE\"},{\"@type\":\"Organization\",\"@id\":\"https:\/\/doppelwetten.com\/#organization\",\"name\":\"DoppelWetten\",\"url\":\"https:\/\/doppelwetten.com\/\",\"logo\":{\"@type\":\"ImageObject\",\"inLanguage\":\"de-DE\",\"@id\":\"https:\/\/doppelwetten.com\/#\/schema\/logo\/image\/\",\"url\":\"https:\/\/doppelwetten.com\/wp-content\/uploads\/2021\/05\/google-logo-size.png\",\"contentUrl\":\"https:\/\/doppelwetten.com\/wp-content\/uploads\/2021\/05\/google-logo-size.png\",\"caption\":\"DoppelWetten\"},\"image\":{\"@id\":\"https:\/\/doppelwetten.com\/#\/schema\/logo\/image\/\"},\"sameAs\":[\"https:\/\/twitter.com\/doppelwetten\"]}]}<\/script>\n<!-- \/ Yoast SEO plugin. -->","yoast_head_json":{"title":"Die deutsche Wettsteuer - DoppelWetten","robots":{"index":"index","follow":"follow","max-snippet":"max-snippet:-1","max-image-preview":"max-image-preview:large","max-video-preview":"max-video-preview:-1"},"canonical":"https:\/\/doppelwetten.com\/de\/deutsche-wettsteuer\/","og_locale":"de_DE","og_type":"article","og_title":"Die deutsche Wettsteuer - DoppelWetten","og_description":"Das Rennwett- und Lotteriegesetz ist ein deutsches Steuergesetz (Wettsteuer). Es trat im Juli 2012 in Kraft. Seit der Einf\u00fchrung unterliegen [&hellip;]","og_url":"https:\/\/doppelwetten.com\/de\/deutsche-wettsteuer\/","og_site_name":"DoppelWetten","article_modified_time":"2019-04-08T09:43:53+00:00","og_image":[{"url":"https:\/\/doppelwetten.com\/wp-content\/uploads\/2017\/12\/Capture-1.png"}],"twitter_card":"summary_large_image","twitter_site":"@doppelwetten","twitter_misc":{"Gesch\u00e4tzte Lesezeit":"8 Minuten"},"schema":{"@context":"https:\/\/schema.org","@graph":[{"@type":"WebPage","@id":"https:\/\/doppelwetten.com\/de\/deutsche-wettsteuer\/","url":"https:\/\/doppelwetten.com\/de\/deutsche-wettsteuer\/","name":"Die deutsche Wettsteuer - DoppelWetten","isPartOf":{"@id":"https:\/\/doppelwetten.com\/#website"},"datePublished":"2018-12-09T13:21:38+00:00","dateModified":"2019-04-08T09:43:53+00:00","breadcrumb":{"@id":"https:\/\/doppelwetten.com\/de\/deutsche-wettsteuer\/#breadcrumb"},"inLanguage":"de-DE","potentialAction":[{"@type":"ReadAction","target":["https:\/\/doppelwetten.com\/de\/deutsche-wettsteuer\/"]}]},{"@type":"BreadcrumbList","@id":"https:\/\/doppelwetten.com\/de\/deutsche-wettsteuer\/#breadcrumb","itemListElement":[{"@type":"ListItem","position":1,"name":"Home","item":"https:\/\/doppelwetten.com\/de\/"},{"@type":"ListItem","position":2,"name":"Die deutsche Wettsteuer"}]},{"@type":"WebSite","@id":"https:\/\/doppelwetten.com\/#website","url":"https:\/\/doppelwetten.com\/","name":"DoppelWetten","description":"risikolosen Wetten (Schritt f\u00fcr Schritt)","publisher":{"@id":"https:\/\/doppelwetten.com\/#organization"},"potentialAction":[{"@type":"SearchAction","target":{"@type":"EntryPoint","urlTemplate":"https:\/\/doppelwetten.com\/?s={search_term_string}"},"query-input":"required name=search_term_string"}],"inLanguage":"de-DE"},{"@type":"Organization","@id":"https:\/\/doppelwetten.com\/#organization","name":"DoppelWetten","url":"https:\/\/doppelwetten.com\/","logo":{"@type":"ImageObject","inLanguage":"de-DE","@id":"https:\/\/doppelwetten.com\/#\/schema\/logo\/image\/","url":"https:\/\/doppelwetten.com\/wp-content\/uploads\/2021\/05\/google-logo-size.png","contentUrl":"https:\/\/doppelwetten.com\/wp-content\/uploads\/2021\/05\/google-logo-size.png","caption":"DoppelWetten"},"image":{"@id":"https:\/\/doppelwetten.com\/#\/schema\/logo\/image\/"},"sameAs":["https:\/\/twitter.com\/doppelwetten"]}]}},"_links":{"self":[{"href":"https:\/\/doppelwetten.com\/de\/wp-json\/wp\/v2\/pages\/10695"}],"collection":[{"href":"https:\/\/doppelwetten.com\/de\/wp-json\/wp\/v2\/pages"}],"about":[{"href":"https:\/\/doppelwetten.com\/de\/wp-json\/wp\/v2\/types\/page"}],"author":[{"embeddable":true,"href":"https:\/\/doppelwetten.com\/de\/wp-json\/wp\/v2\/users\/1"}],"replies":[{"embeddable":true,"href":"https:\/\/doppelwetten.com\/de\/wp-json\/wp\/v2\/comments?post=10695"}],"version-history":[{"count":6,"href":"https:\/\/doppelwetten.com\/de\/wp-json\/wp\/v2\/pages\/10695\/revisions"}],"predecessor-version":[{"id":22215,"href":"https:\/\/doppelwetten.com\/de\/wp-json\/wp\/v2\/pages\/10695\/revisions\/22215"}],"wp:attachment":[{"href":"https:\/\/doppelwetten.com\/de\/wp-json\/wp\/v2\/media?parent=10695"}],"curies":[{"name":"wp","href":"https:\/\/api.w.org\/{rel}","templated":true}]}}